{"id":785,"date":"2024-02-13T03:26:27","date_gmt":"2024-02-13T03:26:27","guid":{"rendered":"https:\/\/consultoriasostenible.org\/?page_id=785"},"modified":"2024-02-27T18:34:34","modified_gmt":"2024-02-27T18:34:34","slug":"services","status":"publish","type":"page","link":"https:\/\/consultoriasostenible.org\/en\/services\/","title":{"rendered":"Services"},"content":{"rendered":"<div data-elementor-type=\"wp-page\" data-elementor-id=\"785\" class=\"elementor elementor-785\">\n\t\t\t\t<div class=\"elementor-element elementor-element-7845603 e-flex e-con-boxed e-con e-parent\" data-id=\"7845603\" data-element_type=\"container\" data-e-type=\"container\">\n\t\t\t\t\t<div class=\"e-con-inner\">\n\t\t<div class=\"elementor-element elementor-element-38395bd e-con-full e-flex e-con e-child\" data-id=\"38395bd\" data-element_type=\"container\" data-e-type=\"container\">\n\t\t\t\t<div class=\"elementor-element elementor-element-c79a34c elementor-widget elementor-widget-heading\" data-id=\"c79a34c\" data-element_type=\"widget\" data-e-type=\"widget\" data-widget_type=\"heading.default\">\n\t\t\t\t<div class=\"elementor-widget-container\">\n\t\t\t\t\t<h2 class=\"elementor-heading-title elementor-size-default\">What do we do?<\/h2>\t\t\t\t<\/div>\n\t\t\t\t<\/div>\n\t\t\t\t<div class=\"elementor-element elementor-element-e84ab98 elementor-widget elementor-widget-text-editor\" data-id=\"e84ab98\" data-element_type=\"widget\" data-e-type=\"widget\" data-widget_type=\"text-editor.default\">\n\t\t\t\t<div class=\"elementor-widget-container\">\n\t\t\t\t\t\t\t\t\t<p style=\"color: #322f2e;\">We create links between people, information, technology, spaces and brands.<\/p>\n\n\t\t\t\t\t\t\t\t<\/div>\n\t\t\t\t<\/div>\n\t\t\t\t<div class=\"elementor-element elementor-element-36d9d11 elementor-list-item-link-inline elementor-icon-list--layout-traditional elementor-widget elementor-widget-icon-list\" data-id=\"36d9d11\" data-element_type=\"widget\" data-e-type=\"widget\" data-widget_type=\"icon-list.default\">\n\t\t\t\t<div class=\"elementor-widget-container\">\n\t\t\t\t\t\t\t<ul class=\"elementor-icon-list-items\">\n\t\t\t\t\t\t\t<li class=\"elementor-icon-list-item\">\n\t\t\t\t\t\t\t\t\t\t\t<span class=\"elementor-icon-list-icon\">\n\t\t\t\t\t\t\t<svg aria-hidden=\"true\" class=\"e-font-icon-svg e-fas-circle\" viewbox=\"0 0 512 512\" xmlns=\"http:\/\/www.w3.org\/2000\/svg\"><path d=\"M256 8C119 8 8 119 8 256s111 248 248 248 248-111 248-248S393 8 256 8z\"><\/path><\/svg>\t\t\t\t\t\t<\/span>\n\t\t\t\t\t\t\t\t\t\t<span class=\"elementor-icon-list-text\">We solve <span style=\"font-weight: 900 !important\">chellenges<\/span><\/span>\n\t\t\t\t\t\t\t\t\t<\/li>\n\t\t\t\t\t\t\t\t<li class=\"elementor-icon-list-item\">\n\t\t\t\t\t\t\t\t\t\t\t<span class=\"elementor-icon-list-icon\">\n\t\t\t\t\t\t\t<svg aria-hidden=\"true\" class=\"e-font-icon-svg e-fas-circle\" viewbox=\"0 0 512 512\" xmlns=\"http:\/\/www.w3.org\/2000\/svg\"><path d=\"M256 8C119 8 8 119 8 256s111 248 248 248 248-111 248-248S393 8 256 8z\"><\/path><\/svg>\t\t\t\t\t\t<\/span>\n\t\t\t\t\t\t\t\t\t\t<span class=\"elementor-icon-list-text\">We take advantage <b>opportunities<\/b><\/span>\n\t\t\t\t\t\t\t\t\t<\/li>\n\t\t\t\t\t\t\t\t<li class=\"elementor-icon-list-item\">\n\t\t\t\t\t\t\t\t\t\t\t<span class=\"elementor-icon-list-icon\">\n\t\t\t\t\t\t\t<svg aria-hidden=\"true\" class=\"e-font-icon-svg e-fas-circle\" viewbox=\"0 0 512 512\" xmlns=\"http:\/\/www.w3.org\/2000\/svg\"><path d=\"M256 8C119 8 8 119 8 256s111 248 248 248 248-111 248-248S393 8 256 8z\"><\/path><\/svg>\t\t\t\t\t\t<\/span>\n\t\t\t\t\t\t\t\t\t\t<span class=\"elementor-icon-list-text\">We generate <b>relevance<\/b><\/span>\n\t\t\t\t\t\t\t\t\t<\/li>\n\t\t\t\t\t\t\t\t<li class=\"elementor-icon-list-item\">\n\t\t\t\t\t\t\t\t\t\t\t<span class=\"elementor-icon-list-icon\">\n\t\t\t\t\t\t\t<svg aria-hidden=\"true\" class=\"e-font-icon-svg e-fas-circle\" viewbox=\"0 0 512 512\" xmlns=\"http:\/\/www.w3.org\/2000\/svg\"><path d=\"M256 8C119 8 8 119 8 256s111 248 248 248 248-111 248-248S393 8 256 8z\"><\/path><\/svg>\t\t\t\t\t\t<\/span>\n\t\t\t\t\t\t\t\t\t\t<span class=\"elementor-icon-list-text\">We discover\u00a0<strong style=\"font-style: inherit\">insights<\/strong><\/span>\n\t\t\t\t\t\t\t\t\t<\/li>\n\t\t\t\t\t\t\t\t<li class=\"elementor-icon-list-item\">\n\t\t\t\t\t\t\t\t\t\t\t<span class=\"elementor-icon-list-icon\">\n\t\t\t\t\t\t\t<svg aria-hidden=\"true\" class=\"e-font-icon-svg e-fas-circle\" viewbox=\"0 0 512 512\" xmlns=\"http:\/\/www.w3.org\/2000\/svg\"><path d=\"M256 8C119 8 8 119 8 256s111 248 248 248 248-111 248-248S393 8 256 8z\"><\/path><\/svg>\t\t\t\t\t\t<\/span>\n\t\t\t\t\t\t\t\t\t\t<span class=\"elementor-icon-list-text\">We detect\u00a0<strong style=\"font-style: inherit\">moments<\/strong> of truth<\/span>\n\t\t\t\t\t\t\t\t\t<\/li>\n\t\t\t\t\t\t\t\t<li class=\"elementor-icon-list-item\">\n\t\t\t\t\t\t\t\t\t\t\t<span class=\"elementor-icon-list-icon\">\n\t\t\t\t\t\t\t<svg aria-hidden=\"true\" class=\"e-font-icon-svg e-fas-circle\" viewbox=\"0 0 512 512\" xmlns=\"http:\/\/www.w3.org\/2000\/svg\"><path d=\"M256 8C119 8 8 119 8 256s111 248 248 248 248-111 248-248S393 8 256 8z\"><\/path><\/svg>\t\t\t\t\t\t<\/span>\n\t\t\t\t\t\t\t\t\t\t<span class=\"elementor-icon-list-text\">We design\u00a0<strong style=\"font-style: inherit\">contact maps<\/strong><\/span>\n\t\t\t\t\t\t\t\t\t<\/li>\n\t\t\t\t\t\t<\/ul>\n\t\t\t\t\t\t<\/div>\n\t\t\t\t<\/div>\n\t\t\t\t<\/div>\n\t\t<div class=\"elementor-element elementor-element-a4d2343 e-flex e-con-boxed e-con e-child\" data-id=\"a4d2343\" data-element_type=\"container\" data-e-type=\"container\">\n\t\t\t\t\t<div class=\"e-con-inner\">\n\t\t\t\t<div class=\"elementor-element elementor-element-b9f5be1 elementor-widget elementor-widget-heading\" data-id=\"b9f5be1\" data-element_type=\"widget\" data-e-type=\"widget\" data-widget_type=\"heading.default\">\n\t\t\t\t<div class=\"elementor-widget-container\">\n\t\t\t\t\t<h2 class=\"elementor-heading-title elementor-size-default\">How do we do it?<\/h2>\t\t\t\t<\/div>\n\t\t\t\t<\/div>\n\t\t\t\t<div class=\"elementor-element elementor-element-e5982ae elementor-widget elementor-widget-text-editor\" data-id=\"e5982ae\" data-element_type=\"widget\" data-e-type=\"widget\" data-widget_type=\"text-editor.default\">\n\t\t\t\t<div class=\"elementor-widget-container\">\n\t\t\t\t\t\t\t\t\t<p style=\"color: #322f2e;\">We work simultaneously in several areas of knowledge because the challenges and opportunities are never vertical.\nWe develop special multidisciplinary projects based on the specific needs to be addressed:<\/p>\n&nbsp;\n<br>\n<span style=\"color: var( --e-global-color-text ); text-align: var(--text-align); background-color: var( --e-global-color-primary );\">1.- We listen to the request<\/span>\n<br>\n<span style=\"color: var( --e-global-color-text ); text-align: var(--text-align); background-color: var( --e-global-color-primary );\">2.- We limit the need (it is not always the same)<\/span>\n<br>\n<span style=\"color: var( --e-global-color-text ); text-align: var(--text-align); background-color: var( --e-global-color-primary );\">3.- We develop the project<\/span>\n<br>\n<span style=\"color: var( --e-global-color-text ); text-align: var(--text-align); background-color: var( --e-global-color-primary );\">4.- We structure the cell (team) that will be in charge of the project<\/span>\n<br>\n<span style=\"color: var( --e-global-color-text ); text-align: var(--text-align); background-color: var( --e-global-color-primary );\">5.- We execute the project<\/span>\n<br>\n<span style=\"color: var( --e-global-color-text ); text-align: var(--text-align); background-color: var( --e-global-color-primary );\">6.- We evaluate the results<\/span>\t\t\t\t\t\t\t\t<\/div>\n\t\t\t\t<\/div>\n\t\t\t\t\t<\/div>\n\t\t\t\t<\/div>\n\t\t\t\t\t<\/div>\n\t\t\t\t<\/div>\n\t\t<div class=\"elementor-element elementor-element-f2c67e5 e-flex e-con-boxed e-con e-parent\" data-id=\"f2c67e5\" data-element_type=\"container\" data-e-type=\"container\">\n\t\t\t\t\t<div class=\"e-con-inner\">\n\t\t\t\t<div class=\"elementor-element elementor-element-149aaa1 elementor-widget elementor-widget-spacer\" data-id=\"149aaa1\" data-element_type=\"widget\" data-e-type=\"widget\" data-widget_type=\"spacer.default\">\n\t\t\t\t<div class=\"elementor-widget-container\">\n\t\t\t\t\t\t\t<div class=\"elementor-spacer\">\n\t\t\t<div class=\"elementor-spacer-inner\"><\/div>\n\t\t<\/div>\n\t\t\t\t\t\t<\/div>\n\t\t\t\t<\/div>\n\t\t\t\t<div class=\"elementor-element elementor-element-6c369d6 elementor-widget elementor-widget-html\" data-id=\"6c369d6\" data-element_type=\"widget\" data-e-type=\"widget\" data-widget_type=\"html.default\">\n\t\t\t\t<div class=\"elementor-widget-container\">\n\t\t\t\t\t<header>\n    <style>\n   \t#bubbles {background:url(https:\/\/consultoriasostenible.org\/wp-content\/uploads\/2024\/02\/serv_fondo.svg) no-repeat;width: 900px; height: 370px; margin-bottom: 400px;background-position: 92px 90px;}\n\t#bubbles ul li ul,\n\t#bubbles ul .b  {display:none;}\n\t#bubbles > ul > li {\n\t\tposition:absolute;\n\t\twidth:96px;\n\t\theight:96px;\n\t\tfloat:left;\n\t\tdisplay:block;\n\t\tbackground:red;\n\t\t-webkit-border-radius: 50%;\n\t\t-moz-border-radius: 50%;\n\t\tborder-radius: 50%;\n\t\tpadding-top:36px;\n\t\tborder:5px solid #f9f7ef;\n\t\t-moz-box-shadow:    0 0 0 1px #999;\n\t\t-webkit-box-shadow: 0 0 0 1px #999;\n\t\tbox-shadow:         0 0 0 1px #999;\n\t\tcursor:pointer;\n\t}\n\t#bubbles ul > li a {color:#f9f7ef;}\n\t#bubbles ul {position:relative;}\n\t#bubbles .circle_0 {\n\t\tpadding-top:0;\n\t\ttext-align:center;\n\t\tbackground:none;\n\t\ttop:30px;\n\t\tleft:92px;\n\t\n\t\tborder:none;\n\t\t-moz-box-shadow: none;\n\t\t-webkit-box-shadow: none;\n\t\tbox-shadow: none;\n\t\tfont-weight:bold;\n\t}\n\t#bubbles ul > li.circle_0 a {color: #999;}\n\n\t#bubbles .circle_1 {\n\t\twidth:170px;\n\t\theight:170px;\n\t\ttop:10px;\n\t\tleft: 240px;\n\t\tpadding-top:72px;\n\t\tbackground:#1bb798;\n\t\tborder:5px solid #f9f7ef;\n\t}\n\t#bubbles .circle_1 {\n\t\twidth:170px;\n\t\theight:170px;\n\t\ttop:10px;\n\t\tleft: 260px;\n\t\tpadding-top:72px;\n\t\tbackground:#1bb798;\n\t}\n\t#bubbles .circle_2 {\n\t\twidth:170px;\n\t\theight:170px;\n\t\ttop:10px;\n\t\tleft: 500px;\n\t\tpadding-top:72px;\n\t\tbackground:#a1af39;\n\t}\n\t#bubbles .circle_3 {\n\t\ttop:268px;\n\t\tleft:580px;\n\t\tbackground:#7cc899 ;\n\t}\n\t#bubbles .circle_4 {\n\t\ttop:268px;\n\t\tleft:420px;\n\t\tbackground:#7da86c ;\n\t}\n\t#bubbles .circle_5 {\n\t\ttop:268px;\n\t\tleft:260px;\n\t\tbackground:#8dc641 ;\n\t}\n\t#bubbles .circle_6 {\n\t\twidth:48px;\n\t\theight:48px;\n\t\tpadding-top:12px;\n\t\ttop:292px;\n\t\tleft:150px;\n\t\tbackground:#a9cf39 ;\n\t}\n\t#bubbles .circle_3:hover .a,\n\t#bubbles .circle_4:hover .a,\n\t#bubbles .circle_5:hover .a,\n\t#bubbles .circle_6:hover .a {display:none;}\n\t#bubbles .circle_3:hover .b,\n\t#bubbles .circle_4:hover .b,\n\t#bubbles .circle_5:hover .b,\n\t#bubbles .circle_6:hover .b {display:block;}\n\n\t#bubbles .circle_3:hover,\n\t#bubbles .circle_4:hover,\n\t#bubbles .circle_5:hover {\n\t\twidth:140px; height:140px;\n\t\ttop:246px;\n\t\tpadding-top:58px;\n\t}\n\t#bubbles .circle_6:hover {\n\t\twidth:140px; height:140px;\n\t\ttop:246px;\n\t\tleft:130px;\n\t\tpadding-top:58px;\n\t}\n\n\t#bubbles:hover > ul > li {opacity:.3;}\n\t#bubbles:hover ul > li.circle_0 {opacity:1;}\n\t#bubbles ul > li:hover {opacity:1;}\n\t#bubbles ul li:hover ul {display:block;}\n\n\t#bubbles ul li ul {\n\t\tz-index:2;\n\t\twidth:250px;\n\t\ttext-align:left;\n\t\tlist-style: disc outside none;\n\t\ttop:20px;\n\t\tleft:80px;\n\t}\n\t#bubbles ul li ul li {\n\t\tmargin-bottom:10px\n\t}\n \n<\/style>\n<\/header>\n<section id=\"bubbles\">\n        <ul>\n            <li class=\"circle_0\"><a href=\"#\">STRATEGIC INNOVATION<\/a><\/li>\n\n        \n            <li class=\"circle_1\">\n                <a href=\"#\">\n           <center>         <span class=\"a\">COMMUNICATION<\/span><\/center>\n                    <span class=\"b\">COMMUNICATION<\/span>\n                <\/a>\n                <ul>\n\n                                            <li>Institutional, Corporate, Social and reputation\n                    \n                        <\/li>\n                                            <li>Risk Management, Crisis Management and Damage Control\n                    \n                        <\/li>\n                                            <li> Marketing \/ Consumer\n                    \n                        <\/li>\n                                            <li>Organizational\n                    \n                        <\/li>\n                                            <li>Investor Relations\n                    \n                        <\/li>\n                                            <li>Public relations\n                    \n                        <\/li>\n                                            <li>Public Affairs\n                    \n                        <\/li>\n                    \n                <\/ul>\n            <\/li>\n\n        \n            <li class=\"circle_2\">\n                <a href=\"#\">\n                    <span class=\"a\"><center>MARKETING<\/center><\/span>\n                    <span class=\"b\">MARKETING<\/span>\n                <\/a>\n                <ul>\n\n                                            <li>Research\n                    \n                        <\/li>\n                                            <li>Branding\n                    \n                        <\/li>\n                                            <li>Brand Management\n                    \n                        <\/li>\n                                            <li>Advertising\n                    \n                        <\/li>\n                                            <li>Media Planning\n                    \n                        <\/li>\n                                            <li>BTL\n                    \n                        <\/li>\n                                            <li>Promotion\n                    \n                        <\/li>\n                                            <li>Activations\n                    \n                        <\/li>\n                                            <li>Releases\n                    \n                        <\/li>\n                                            <li>Loyalty Platforms\n                    \n                        <\/li>\n                    \n                <\/ul>\n            <\/li>\n\n        \n            <li class=\"circle_3\">\n                <a href=\"#\">\n                    <center><span class=\"a\">MNGMT<\/span>\n                    <span class=\"b\">MANAGEMENT<\/span><\/center>\n                <\/a>\n                <ul>\n\n                                            <li>Statistic analysis\n                    \n                        <\/li>\n                                            <li>Corporative strategy\n                    \n                        <\/li>\n                                            <li>Control systems\n                    \n                        <\/li>\n                                            <li>Reengineering\n                    \n                        <\/li>\n                                            <li>Corporate Governance\n                    \n                        <\/li>\n                                            <li>Quality\n                    <ul>                                <li>Diagnosis and Evaluation<\/li>\n                                                    <li>Systems and Procedures<\/li>\n                                                    <li>Indicators, Metrics and Ratings<\/li>\n                                                    <li>Certifications<\/li>\n                    <\/ul>\n                        <\/li>\n                    \n                <\/ul>\n            <\/li>\n\n        \n            <li class=\"circle_4\">\n                <a href=\"#\">\n                    <center><span class=\"a\">TCH<\/span>\n                    <span class=\"b\">TECHNOLOGY<\/span><\/cente>\n                <\/a>\n                <ul>\n\n                                            <li>APPs\n                    \n                        <\/li>\n                                            <li>Web Platforms\n                    \n                        <\/li>\n                                            <li>Social Media\n                    \n                        <\/li>\n                                            <li>Digital marketing\n                    \n                        <\/li>\n                                            <li>Administration \n                    \n                        <\/li>\n                                            <li>Software\n                    \n                        <\/li>\n                                            <li>Hardware\n                    \n                        <\/li>\n                    \n                <\/ul>\n            <\/li>\n\n        \n            <li class=\"circle_5\">\n                <a href=\"#\">\n                    <center><span class=\"a\">DGN<\/span>\n                    <span class=\"b\">DESIGN<\/span><\/center>\n                <\/a>\n                <ul>\n\n                                            <li>Identity Systems\n                    \n                        <\/li>\n                                            <li>New Products and Services\n                    \n                        <\/li>\n                                            <li>Signage\n                    \n                        <\/li>\n                                            <li>Interfaces\n                    \n                        <\/li>\n                                            <li>Editorial\n                    \n                        <\/li>\n                                            <li>Exhibition Design\n                    \n                        <\/li>\n                                            <li>Sensory Marketing\n                    \n                        <\/li>\n                    \n                <\/ul>\n            <\/li>\n\n        \n            <li class=\"circle_6\">\n                <a href=\"#\">\n                    <center><span class=\"a\">O<\/span>\n                    <span class=\"b\">OUTREACH<\/span><\/center>\n                <\/a>\n                <ul>\n\n                                            <li>Definition or Alignment of Purpose\/Cause\n                    \n                        <\/li>\n                                            <li>Structure, Infrastructure and Processes\n                    \n                        <\/li>\n                                            <li>Social Marketing\n                    \n                        <\/li>\n                    \n                <\/ul>\n            <\/li>\n\n        \n        <\/ul>\n    <\/section>\t\t\t\t<\/div>\n\t\t\t\t<\/div>\n\t\t\t\t\t<\/div>\n\t\t\t\t<\/div>\n\t\t\t\t<\/div>","protected":false},"excerpt":{"rendered":"<p>\u00bfQu\u00e9 hacemos? Creamos v\u00ednculos entre gente, informaci\u00f3n, tecnolog\u00eda, espacios y marcas. Resolvemos retos Aprovechamos oportunidades Generamos relevancia Descubrimos\u00a0insights Detectamos\u00a0momentos de verdad Dise\u00f1amos\u00a0mapas de contacto \u00bfC\u00f3mo lo hacemos? Trabajamos simult\u00e1neamente en varias \u00e1reas de conocimiento porque los retos y las oportunidades nunca son verticales. Desarrollamos proyectos especiales multidisciplinarios a partir de las necesidades puntuales a atender: [&hellip;]<\/p>\n","protected":false},"author":1,"featured_media":0,"parent":0,"menu_order":0,"comment_status":"closed","ping_status":"closed","template":"elementor_header_footer","meta":{"_acf_changed":false,"footnotes":""},"class_list":["post-785","page","type-page","status-publish","hentry"],"acf":[],"_links":{"self":[{"href":"https:\/\/consultoriasostenible.org\/en\/wp-json\/wp\/v2\/pages\/785","targetHints":{"allow":["GET"]}}],"collection":[{"href":"https:\/\/consultoriasostenible.org\/en\/wp-json\/wp\/v2\/pages"}],"about":[{"href":"https:\/\/consultoriasostenible.org\/en\/wp-json\/wp\/v2\/types\/page"}],"author":[{"embeddable":true,"href":"https:\/\/consultoriasostenible.org\/en\/wp-json\/wp\/v2\/users\/1"}],"replies":[{"embeddable":true,"href":"https:\/\/consultoriasostenible.org\/en\/wp-json\/wp\/v2\/comments?post=785"}],"version-history":[{"count":9,"href":"https:\/\/consultoriasostenible.org\/en\/wp-json\/wp\/v2\/pages\/785\/revisions"}],"predecessor-version":[{"id":1146,"href":"https:\/\/consultoriasostenible.org\/en\/wp-json\/wp\/v2\/pages\/785\/revisions\/1146"}],"wp:attachment":[{"href":"https:\/\/consultoriasostenible.org\/en\/wp-json\/wp\/v2\/media?parent=785"}],"curies":[{"name":"wp","href":"https:\/\/api.w.org\/{rel}","templated":true}]}}