{"id":598,"date":"2024-02-06T21:51:57","date_gmt":"2024-02-06T21:51:57","guid":{"rendered":"https:\/\/consultoriasostenible.org\/?page_id=598"},"modified":"2024-11-11T22:46:00","modified_gmt":"2024-11-11T22:46:00","slug":"about-us","status":"publish","type":"page","link":"https:\/\/consultoriasostenible.org\/en\/about-us\/","title":{"rendered":"About us"},"content":{"rendered":"<div data-elementor-type=\"wp-page\" data-elementor-id=\"598\" class=\"elementor elementor-598\">\n\t\t\t\t<div class=\"elementor-element elementor-element-37e5c4c e-con-full e-flex e-con e-parent\" data-id=\"37e5c4c\" data-element_type=\"container\" data-e-type=\"container\" data-settings=\"{&quot;background_background&quot;:&quot;classic&quot;}\">\n\t\t<div class=\"elementor-element elementor-element-3fa8f68a e-flex e-con-boxed e-con e-child\" data-id=\"3fa8f68a\" data-element_type=\"container\" data-e-type=\"container\">\n\t\t\t\t\t<div class=\"e-con-inner\">\n\t\t\t\t<div class=\"elementor-element elementor-element-2b852dcd elementor-widget elementor-widget-image\" data-id=\"2b852dcd\" data-element_type=\"widget\" data-e-type=\"widget\" data-widget_type=\"image.default\">\n\t\t\t\t<div class=\"elementor-widget-container\">\n\t\t\t\t\t\t\t\t\t\t\t\t\t\t\t<img decoding=\"async\" width=\"154\" height=\"24\" src=\"https:\/\/consultoriasostenible.org\/wp-content\/uploads\/2024\/01\/logo_dark.svg\" class=\"attachment-full size-full wp-image-212\" alt=\"\" \/>\t\t\t\t\t\t\t\t\t\t\t\t\t\t\t<\/div>\n\t\t\t\t<\/div>\n\t\t\t\t\t<\/div>\n\t\t\t\t<\/div>\n\t\t<div class=\"elementor-element elementor-element-2f5e652c e-flex e-con-boxed e-con e-child\" data-id=\"2f5e652c\" data-element_type=\"container\" data-e-type=\"container\">\n\t\t\t\t\t<div class=\"e-con-inner\">\n\t\t\t\t<div class=\"elementor-element elementor-element-645cafd8 elementor-widget elementor-widget-nav-menu\" data-id=\"645cafd8\" data-element_type=\"widget\" data-e-type=\"widget\" data-widget_type=\"nav-menu.default\">\n\t\t\t\t<div class=\"elementor-widget-container\">\n\t\t\t\t\t \t\t\t\t<\/div>\n\t\t\t\t<\/div>\n\t\t\t\t\t<\/div>\n\t\t\t\t<\/div>\n\t\t\t\t<\/div>\n\t\t<div class=\"elementor-element elementor-element-52e2013 e-con-full e-flex e-con e-parent\" data-id=\"52e2013\" data-element_type=\"container\" data-e-type=\"container\" data-settings=\"{&quot;background_background&quot;:&quot;classic&quot;}\">\n\t\t\t\t<div class=\"elementor-element elementor-element-55351e1 elementor-widget elementor-widget-prime-slider-multiscroll\" data-id=\"55351e1\" data-element_type=\"widget\" data-e-type=\"widget\" data-widget_type=\"prime-slider-multiscroll.default\">\n\t\t\t\t<div class=\"elementor-widget-container\">\n\t\t\t\t\t\t\t<div class=\"bdt-mltiscroll-slider\" data-settings=\"{&quot;scrollingSpeed&quot;:1000,&quot;navigation&quot;:true,&quot;navigationPosition&quot;:&quot;right&quot;}\" id=\"bdt-55351e1\">\n\n\t\t\t\t\t<div class=\"bdt-content-center\">\n\t\t\t<div id=\"left-side\" class=\"ms-left\">\n\t\t\t\t\t\t\t\t\t\n\t\t\t\t\t<div class=\"ms-section bdt-ms-section bdt-ms-section-left elementor-repeater-item-3a51f40\" id=\"bdt-ms-section-left\" data-label=\"\" style=\"background-image: url(https:\/\/consultoriasostenible.org\/wp-content\/uploads\/2024\/02\/sl0-e1707789151262.jpg)\">\n\t\t\t\t\t\t<div class=\"intro\">\n\t\t\t\t\t\t\t\t\t<div class=\"bdt-mltiscroll-slider-content bdt-position-center\">\n\t\t\t<div class=\"bdt-position-relative\">\n\t\t\t\t\n\t\t\t\t\n\t\t\t\t\t\t\t\t\t<div class=\"bdt-mltiscroll-slider-description\">\n\t\t\t\t\t\tWe are visionaries with ambitions ideas and the fervent desire to challenge the status quo.\t\t\t\t\t<\/div>\n\t\t\t\t\n\t\t\t<\/div>\n\t\t<\/div>\n\n\t\t\t\t\t\t\t\t\t\t\t\t\t\t\t<\/div>\n\t\t\t\t\t\t\t\t\t\t\t<\/div>\n\n\t\t\t\t\t\t\t\t\t\n\t\t\t\t\t<div class=\"ms-section bdt-ms-section bdt-ms-section-left elementor-repeater-item-b29c325\" id=\"bdt-ms-section-left\" data-label=\"\" style=\"background-image: url(https:\/\/consultoriasostenible.org\/wp-content\/uploads\/2024\/01\/sl1-e1707789480140.jpg)\">\n\t\t\t\t\t\t<div class=\"intro\">\n\t\t\t\t\t\t\t\t\t<div class=\"bdt-mltiscroll-slider-content bdt-position-center\">\n\t\t\t<div class=\"bdt-position-relative\">\n\t\t\t\t\n\t\t\t\t\n\t\t\t\t\t\t\t\t\t<div class=\"bdt-mltiscroll-slider-description\">\n\t\t\t\t\t\tOur team is formed by <b>polymaths and futurists<\/b> specialized in generating business solutions.\t\t\t\t\t<\/div>\n\t\t\t\t\n\t\t\t<\/div>\n\t\t<\/div>\n\n\t\t\t\t\t\t\t\t\t\t\t\t\t\t\t<\/div>\n\t\t\t\t\t\t\t\t\t\t\t<\/div>\n\n\t\t\t\t\t\t\t\t\t\n\t\t\t\t\t<div class=\"ms-section bdt-ms-section bdt-ms-section-left elementor-repeater-item-510a45b\" id=\"bdt-ms-section-left\" data-label=\"\" style=\"background-image: url(https:\/\/consultoriasostenible.org\/wp-content\/uploads\/2024\/01\/sl2-e1707789882377.jpg)\">\n\t\t\t\t\t\t<div class=\"intro\">\n\t\t\t\t\t\t\t\t\t<div class=\"bdt-mltiscroll-slider-content bdt-position-center\">\n\t\t\t<div class=\"bdt-position-relative\">\n\t\t\t\t\n\t\t\t\t\n\t\t\t\t\t\t\t\t\t<div class=\"bdt-mltiscroll-slider-description\">\n\t\t\t\t\t\tWe have academic and professional trajectories, with <b>global profiles and experience<\/b> in the public, private, academic and social sectors.\t\t\t\t\t<\/div>\n\t\t\t\t\n\t\t\t<\/div>\n\t\t<\/div>\n\n\t\t\t\t\t\t\t\t\t\t\t\t\t\t\t<\/div>\n\t\t\t\t\t\t\t\t\t\t\t<\/div>\n\n\t\t\t\t\t\t\t\t\t\n\t\t\t\t\t<div class=\"ms-section bdt-ms-section bdt-ms-section-left elementor-repeater-item-9dfcc17\" id=\"bdt-ms-section-left\" data-label=\"\" style=\"background-image: url(https:\/\/consultoriasostenible.org\/wp-content\/uploads\/2024\/01\/sl3-e1707790048245.jpg)\">\n\t\t\t\t\t\t<div class=\"intro\">\n\t\t\t\t\t\t\t\t\t<div class=\"bdt-mltiscroll-slider-content bdt-position-center\">\n\t\t\t<div class=\"bdt-position-relative\">\n\t\t\t\t\n\t\t\t\t\n\t\t\t\t\t\t\t\t\t<div class=\"bdt-mltiscroll-slider-description\">\n\t\t\t\t\t\tWe organize ourselves in practices\n<b>specialist colleges<\/b>\t\t\t\t\t<\/div>\n\t\t\t\t\n\t\t\t<\/div>\n\t\t<\/div>\n\n\t\t\t\t\t\t\t\t\t\t\t\t\t\t\t<\/div>\n\t\t\t\t\t\t\t\t\t\t\t<\/div>\n\n\t\t\t\t\t\t\t\t\t\n\t\t\t\t\t<div class=\"ms-section bdt-ms-section bdt-ms-section-left elementor-repeater-item-b84dd78\" id=\"bdt-ms-section-left\" data-label=\"\" style=\"background-image: url(https:\/\/consultoriasostenible.org\/wp-content\/uploads\/2024\/01\/sl4-e1707790312153.jpg)\">\n\t\t\t\t\t\t<div class=\"intro\">\n\t\t\t\t\t\t\t\t\t<div class=\"bdt-mltiscroll-slider-content bdt-position-center\">\n\t\t\t<div class=\"bdt-position-relative\">\n\t\t\t\t\n\t\t\t\t\n\t\t\t\t\t\t\t\t\t<div class=\"bdt-mltiscroll-slider-description\">\n\t\t\t\t\t\t<b>We believe in effectiveness,<\/b>\nWe understand the importance of business objectives\t\t\t\t\t<\/div>\n\t\t\t\t\n\t\t\t<\/div>\n\t\t<\/div>\n\n\t\t\t\t\t\t\t\t\t\t\t\t\t\t\t<\/div>\n\t\t\t\t\t\t\t\t\t\t\t<\/div>\n\n\t\t\t\t\t\t\t\t\t\n\t\t\t\t\t<div class=\"ms-section bdt-ms-section bdt-ms-section-left elementor-repeater-item-9feeb6e\" id=\"bdt-ms-section-left\" data-label=\"\" style=\"background-image: url(https:\/\/consultoriasostenible.org\/wp-content\/uploads\/2024\/01\/sl5-e1707790479436.jpg)\">\n\t\t\t\t\t\t<div class=\"intro\">\n\t\t\t\t\t\t\t\t\t<div class=\"bdt-mltiscroll-slider-content bdt-position-center\">\n\t\t\t<div class=\"bdt-position-relative\">\n\t\t\t\t\n\t\t\t\t\n\t\t\t\t\t\t\t\t\t<div class=\"bdt-mltiscroll-slider-description\">\n\t\t\t\t\t\t<b>We understand efficiency,<\/b>\nwe believe in value and time\t\t\t\t\t<\/div>\n\t\t\t\t\n\t\t\t<\/div>\n\t\t<\/div>\n\n\t\t\t\t\t\t\t\t\t\t\t\t\t\t\t<\/div>\n\t\t\t\t\t\t\t\t\t\t\t<\/div>\n\n\t\t\t\t\t\t\t\t\t\n\t\t\t\t\t<div class=\"ms-section bdt-ms-section bdt-ms-section-left elementor-repeater-item-9e036dd\" id=\"bdt-ms-section-left\" data-label=\"\" style=\"background-image: url(https:\/\/consultoriasostenible.org\/wp-content\/uploads\/2024\/01\/sl6-e1707790708456.jpg)\">\n\t\t\t\t\t\t<div class=\"intro\">\n\t\t\t\t\t\t\t\t\t<div class=\"bdt-mltiscroll-slider-content bdt-position-center\">\n\t\t\t<div class=\"bdt-position-relative\">\n\t\t\t\t\n\t\t\t\t\n\t\t\t\t\t\t\t\t\t<div class=\"bdt-mltiscroll-slider-description\">\n\t\t\t\t\t\t<div style=\"background: #00000080;padding: 10px;border-radius: 10px\">We do Strategic Innovation<\/div>\t\t\t\t\t<\/div>\n\t\t\t\t\n\t\t\t<\/div>\n\t\t<\/div>\n\n\t\t\t\t\t\t\t\t\t\t\t\t\t\t\t<\/div>\n\t\t\t\t\t\t\t\t\t\t\t<\/div>\n\n\t\t\t\t\t\t\t\t\t\n\t\t\t\t\t<div class=\"ms-section bdt-ms-section bdt-ms-section-left elementor-repeater-item-dd88135\" id=\"bdt-ms-section-left\" data-label=\"\" style=\"\">\n\t\t\t\t\t\t<div class=\"intro\">\n\t\t\t\t\t\t\t\t\t<div class=\"bdt-mltiscroll-slider-content bdt-position-center\">\n\t\t\t<div class=\"bdt-position-relative\">\n\t\t\t\t\n\t\t\t\t\n\t\t\t\t\t\t\t\t\t<div class=\"bdt-mltiscroll-slider-description\">\n\t\t\t\t\t\tWe based in <b>Angular Consulting, <\/b>offering comprehensive advice, integrated and turnkey solutions.<br>\n<strong style=\"font-size: 65px\">Our promise<\/strong><br>\ninnovation, creativity and quality<br>\nWe maintain a holistic, sustainable, responsible and high-impact vision that achieves short, medium and long-term results.\t\t\t\t\t<\/div>\n\t\t\t\t\n\t\t\t<\/div>\n\t\t<\/div>\n\n\t\t\t\t\t\t\t\t\t\t\t\t\t\t\t<\/div>\n\t\t\t\t\t\t\t\t\t\t\t<\/div>\n\n\t\t\t\t\t\t\t<\/div>\n\n\t\t\t<div id=\"right-side\" class=\"ms-right\">\n\t\t\t\t\n\t\t\t\t\t\n\t\t\t\t\t<div class=\"ms-section bdt-ms-section bdt-ms-section-right elementor-repeater-item-3a51f40\" id=\"bdt-ms-section-right\" data-label=\"\" style=\"background-image: url(https:\/\/consultoriasostenible.org\/wp-content\/uploads\/2024\/02\/sl0-1-e1707789260688.jpg)\">\n\t\t\t\t\t\t<div class=\"intro\">\n\t\t\t\t\t\t\t\t\t<div class=\"bdt-mltiscroll-slider-content bdt-position-center\">\n\t\t\t<div class=\"bdt-position-relative\">\n\t\t\t\t\n\t\t\t\t\n\t\t\t\t\t\t\t\t\t<div class=\"bdt-mltiscroll-slider-description\">\n\t\t\t\t\t\tWe are visionaries with ambitions ideas and the fervent desire to challenge the status quo.\t\t\t\t\t<\/div>\n\t\t\t\t\n\t\t\t<\/div>\n\t\t<\/div>\n\n\t\t\t\t\t\t\t\t\t\t\t\t\t\t\t<\/div>\n\n\t\t\t\t\t\t\n\t\t\t\t\t<\/div>\n\n\t\t\t\t\n\t\t\t\t\t\n\t\t\t\t\t<div class=\"ms-section bdt-ms-section bdt-ms-section-right elementor-repeater-item-b29c325\" id=\"bdt-ms-section-right\" data-label=\"\" style=\"background-image: url(https:\/\/consultoriasostenible.org\/wp-content\/uploads\/2024\/02\/sl1-e1707789577514.jpg)\">\n\t\t\t\t\t\t<div class=\"intro\">\n\t\t\t\t\t\t\t\t\t<div class=\"bdt-mltiscroll-slider-content bdt-position-center\">\n\t\t\t<div class=\"bdt-position-relative\">\n\t\t\t\t\n\t\t\t\t\n\t\t\t\t\t\t\t\t\t<div class=\"bdt-mltiscroll-slider-description\">\n\t\t\t\t\t\tOur team is formed by <b>polymaths and futurists<\/b> specialized in generating business solutions.\t\t\t\t\t<\/div>\n\t\t\t\t\n\t\t\t<\/div>\n\t\t<\/div>\n\n\t\t\t\t\t\t\t\t\t\t\t\t\t\t\t<\/div>\n\n\t\t\t\t\t\t\n\t\t\t\t\t<\/div>\n\n\t\t\t\t\n\t\t\t\t\t\n\t\t\t\t\t<div class=\"ms-section bdt-ms-section bdt-ms-section-right elementor-repeater-item-510a45b\" id=\"bdt-ms-section-right\" data-label=\"\" style=\"background-image: url(https:\/\/consultoriasostenible.org\/wp-content\/uploads\/2024\/02\/sl2-e1707789928338.jpg)\">\n\t\t\t\t\t\t<div class=\"intro\">\n\t\t\t\t\t\t\t\t\t<div class=\"bdt-mltiscroll-slider-content bdt-position-center\">\n\t\t\t<div class=\"bdt-position-relative\">\n\t\t\t\t\n\t\t\t\t\n\t\t\t\t\t\t\t\t\t<div class=\"bdt-mltiscroll-slider-description\">\n\t\t\t\t\t\tWe have academic and professional trajectories, with <b>global profiles and experience<\/b> in the public, private, academic and social sectors.\t\t\t\t\t<\/div>\n\t\t\t\t\n\t\t\t<\/div>\n\t\t<\/div>\n\n\t\t\t\t\t\t\t\t\t\t\t\t\t\t\t<\/div>\n\n\t\t\t\t\t\t\n\t\t\t\t\t<\/div>\n\n\t\t\t\t\n\t\t\t\t\t\n\t\t\t\t\t<div class=\"ms-section bdt-ms-section bdt-ms-section-right elementor-repeater-item-9dfcc17\" id=\"bdt-ms-section-right\" data-label=\"\" style=\"background-image: url(https:\/\/consultoriasostenible.org\/wp-content\/uploads\/2024\/02\/sl3-e1707790225119.jpg)\">\n\t\t\t\t\t\t<div class=\"intro\">\n\t\t\t\t\t\t\t\t\t<div class=\"bdt-mltiscroll-slider-content bdt-position-center\">\n\t\t\t<div class=\"bdt-position-relative\">\n\t\t\t\t\n\t\t\t\t\n\t\t\t\t\t\t\t\t\t<div class=\"bdt-mltiscroll-slider-description\">\n\t\t\t\t\t\tWe organize ourselves in practices\n<b>specialist colleges<\/b>\t\t\t\t\t<\/div>\n\t\t\t\t\n\t\t\t<\/div>\n\t\t<\/div>\n\n\t\t\t\t\t\t\t\t\t\t\t\t\t\t\t<\/div>\n\n\t\t\t\t\t\t\n\t\t\t\t\t<\/div>\n\n\t\t\t\t\n\t\t\t\t\t\n\t\t\t\t\t<div class=\"ms-section bdt-ms-section bdt-ms-section-right elementor-repeater-item-b84dd78\" id=\"bdt-ms-section-right\" data-label=\"\" style=\"background-image: url(https:\/\/consultoriasostenible.org\/wp-content\/uploads\/2024\/02\/sl4-e1707790348872.jpg)\">\n\t\t\t\t\t\t<div class=\"intro\">\n\t\t\t\t\t\t\t\t\t<div class=\"bdt-mltiscroll-slider-content bdt-position-center\">\n\t\t\t<div class=\"bdt-position-relative\">\n\t\t\t\t\n\t\t\t\t\n\t\t\t\t\t\t\t\t\t<div class=\"bdt-mltiscroll-slider-description\">\n\t\t\t\t\t\t<b>We believe in effectiveness,<\/b>\nWe understand the importance of business objectives\t\t\t\t\t<\/div>\n\t\t\t\t\n\t\t\t<\/div>\n\t\t<\/div>\n\n\t\t\t\t\t\t\t\t\t\t\t\t\t\t\t<\/div>\n\n\t\t\t\t\t\t\n\t\t\t\t\t<\/div>\n\n\t\t\t\t\n\t\t\t\t\t\n\t\t\t\t\t<div class=\"ms-section bdt-ms-section bdt-ms-section-right elementor-repeater-item-9feeb6e\" id=\"bdt-ms-section-right\" data-label=\"\" style=\"background-image: url(https:\/\/consultoriasostenible.org\/wp-content\/uploads\/2024\/02\/sl5-e1707790593423.jpg)\">\n\t\t\t\t\t\t<div class=\"intro\">\n\t\t\t\t\t\t\t\t\t<div class=\"bdt-mltiscroll-slider-content bdt-position-center\">\n\t\t\t<div class=\"bdt-position-relative\">\n\t\t\t\t\n\t\t\t\t\n\t\t\t\t\t\t\t\t\t<div class=\"bdt-mltiscroll-slider-description\">\n\t\t\t\t\t\t<b>We understand efficiency,<\/b>\nwe believe in value and time\t\t\t\t\t<\/div>\n\t\t\t\t\n\t\t\t<\/div>\n\t\t<\/div>\n\n\t\t\t\t\t\t\t\t\t\t\t\t\t\t\t<\/div>\n\n\t\t\t\t\t\t\n\t\t\t\t\t<\/div>\n\n\t\t\t\t\n\t\t\t\t\t\n\t\t\t\t\t<div class=\"ms-section bdt-ms-section bdt-ms-section-right elementor-repeater-item-9e036dd\" id=\"bdt-ms-section-right\" data-label=\"\" style=\"background-image: url(https:\/\/consultoriasostenible.org\/wp-content\/uploads\/2024\/02\/sl6-e1707790741206.jpg)\">\n\t\t\t\t\t\t<div class=\"intro\">\n\t\t\t\t\t\t\t\t\t<div class=\"bdt-mltiscroll-slider-content bdt-position-center\">\n\t\t\t<div class=\"bdt-position-relative\">\n\t\t\t\t\n\t\t\t\t\n\t\t\t\t\t\t\t\t\t<div class=\"bdt-mltiscroll-slider-description\">\n\t\t\t\t\t\t<div style=\"background: #00000080;padding: 10px;border-radius: 10px\">We do Strategic Innovation<\/div>\t\t\t\t\t<\/div>\n\t\t\t\t\n\t\t\t<\/div>\n\t\t<\/div>\n\n\t\t\t\t\t\t\t\t\t\t\t\t\t\t\t<\/div>\n\n\t\t\t\t\t\t\n\t\t\t\t\t<\/div>\n\n\t\t\t\t\n\t\t\t\t\t\n\t\t\t\t\t<div class=\"ms-section bdt-ms-section bdt-ms-section-right elementor-repeater-item-dd88135\" id=\"bdt-ms-section-right\" data-label=\"\" style=\"\">\n\t\t\t\t\t\t<div class=\"intro\">\n\t\t\t\t\t\t\t\t\t<div class=\"bdt-mltiscroll-slider-content bdt-position-center\">\n\t\t\t<div class=\"bdt-position-relative\">\n\t\t\t\t\n\t\t\t\t\n\t\t\t\t\t\t\t\t\t<div class=\"bdt-mltiscroll-slider-description\">\n\t\t\t\t\t\tWe based in <b>Angular Consulting, <\/b>offering comprehensive advice, integrated and turnkey solutions.<br>\n<strong style=\"font-size: 65px\">Our promise<\/strong><br>\ninnovation, creativity and quality<br>\nWe maintain a holistic, sustainable, responsible and high-impact vision that achieves short, medium and long-term results.\t\t\t\t\t<\/div>\n\t\t\t\t\n\t\t\t<\/div>\n\t\t<\/div>\n\n\t\t\t\t\t\t\t\t\t\t\t\t\t\t\t<\/div>\n\n\t\t\t\t\t\t\n\t\t\t\t\t<\/div>\n\n\t\t\t\t\t\t\t<\/div>\n\n\n\t\t<\/div>\n\n\t\t\n\t\t<\/div>\n\t\t\t\t\t\t<\/div>\n\t\t\t\t<\/div>\n\t\t\t\t<\/div>\n\t\t\t\t<\/div>","protected":false},"excerpt":{"rendered":"<p>Somos visionarios con ideas ambiciosas y el ferviente deseo de retar el status quo. Nuestro equipo est\u00e1 formado por pol\u00edmatas y futuristas especializados en generar soluciones de negocio. Tenemos trayectorias acad\u00e9micas y profesionales, con perfiles y experiencia globales en los sectores p\u00fablico, privado, acad\u00e9mico y social. Nos organizamos en pr\u00e1cticas colegios de especialistas. Creemos en [&hellip;]<\/p>\n","protected":false},"author":1,"featured_media":0,"parent":0,"menu_order":0,"comment_status":"closed","ping_status":"closed","template":"elementor_canvas","meta":{"_acf_changed":false,"footnotes":""},"class_list":["post-598","page","type-page","status-publish","hentry"],"acf":[],"_links":{"self":[{"href":"https:\/\/consultoriasostenible.org\/en\/wp-json\/wp\/v2\/pages\/598","targetHints":{"allow":["GET"]}}],"collection":[{"href":"https:\/\/consultoriasostenible.org\/en\/wp-json\/wp\/v2\/pages"}],"about":[{"href":"https:\/\/consultoriasostenible.org\/en\/wp-json\/wp\/v2\/types\/page"}],"author":[{"embeddable":true,"href":"https:\/\/consultoriasostenible.org\/en\/wp-json\/wp\/v2\/users\/1"}],"replies":[{"embeddable":true,"href":"https:\/\/consultoriasostenible.org\/en\/wp-json\/wp\/v2\/comments?post=598"}],"version-history":[{"count":20,"href":"https:\/\/consultoriasostenible.org\/en\/wp-json\/wp\/v2\/pages\/598\/revisions"}],"predecessor-version":[{"id":1259,"href":"https:\/\/consultoriasostenible.org\/en\/wp-json\/wp\/v2\/pages\/598\/revisions\/1259"}],"wp:attachment":[{"href":"https:\/\/consultoriasostenible.org\/en\/wp-json\/wp\/v2\/media?parent=598"}],"curies":[{"name":"wp","href":"https:\/\/api.w.org\/{rel}","templated":true}]}}